{"id":108,"date":"2017-01-04T09:15:21","date_gmt":"2017-01-04T09:15:21","guid":{"rendered":"https:\/\/blog.zhdk.ch\/cloudspeaker\/?page_id=2"},"modified":"2019-03-01T09:55:49","modified_gmt":"2019-03-01T09:55:49","slug":"sample-page-2","status":"publish","type":"page","link":"https:\/\/cloudspeakers.ch\/de\/","title":{"rendered":"introduction"},"content":{"rendered":"<p>\u201eDie Neukoms\u201c spielten wir einige Konzerte wobei \u00fcber Mobiltelefone Live Musik gestreamed wurde. In unseren spielerischen Experimenten konnten wir beobachten, wie sich durch die Verwendung der mobilen Ger\u00e4te des Publikums auch eine eigene H\u00f6rsituation manifestierte. Durch die Verwendung pers\u00f6nlichen mobilen Ger\u00e4te konnten wir eine Verbindung zu dem von E.T. Hall in seiner Proxemics Theory genannten <em>Intimate Space<\/em> aufbauen. Der Zuh\u00f6rer hatte selbst Kontrolle uber sein Ger\u00e4t und fing an damit zu spielen. Dies ergab wiederum eine soziale Kommunikation mit anderen Zuh\u00f6rern. Wir als Musiker reagierten auf das r\u00e4umliche und partizipative Feedback. Es entstand ein <em>social space<\/em> im Konzert. Zum anderen beobachteten wir, dass durch die r\u00e4umliche Verteilung und die zeitlichen Verz\u00f6gerungen sich ein eigener Gestus der Spatialisierung entwickelte. Diese H\u00f6rsituation erinnert an einen Wald und wir haben sie <em>Sonotope<\/em> benannt. Dieser Gestural Space evoziert einen Ansatz, der den Raum als die prim\u00e4re musikalische Ausdrucksform in den Vordergrund stellt. Daraus entstand die Idee den Klang auf mobilen Lautsprechern zu generieren, die mittels Kontrolldaten per Netzwerk zu bedienen, um damit eine mehr Einfluss auf die Spatialisierung zu bekommen. Wir nannten das Cloudspeaker.]]&gt;<\/p>\n","protected":false},"excerpt":{"rendered":"<p>\t\t\t\t<![CDATA[]]>\t\t<\/p>\n","protected":false},"author":1,"featured_media":0,"parent":0,"menu_order":0,"comment_status":"closed","ping_status":"open","template":"","meta":{"footnotes":""},"class_list":["post-108","page","type-page","status-publish","hentry"],"translation":{"provider":"WPGlobus","version":"3.0.2","language":"de","enabled_languages":["en","es","de","fr","ru"],"languages":{"en":{"title":true,"content":true,"excerpt":true},"es":{"title":false,"content":false,"excerpt":false},"de":{"title":false,"content":true,"excerpt":false},"fr":{"title":false,"content":false,"excerpt":false},"ru":{"title":false,"content":false,"excerpt":false}}},"_links":{"self":[{"href":"https:\/\/cloudspeakers.ch\/de\/wp-json\/wp\/v2\/pages\/108","targetHints":{"allow":["GET"]}}],"collection":[{"href":"https:\/\/cloudspeakers.ch\/de\/wp-json\/wp\/v2\/pages"}],"about":[{"href":"https:\/\/cloudspeakers.ch\/de\/wp-json\/wp\/v2\/types\/page"}],"author":[{"embeddable":true,"href":"https:\/\/cloudspeakers.ch\/de\/wp-json\/wp\/v2\/users\/1"}],"replies":[{"embeddable":true,"href":"https:\/\/cloudspeakers.ch\/de\/wp-json\/wp\/v2\/comments?post=108"}],"version-history":[{"count":1,"href":"https:\/\/cloudspeakers.ch\/de\/wp-json\/wp\/v2\/pages\/108\/revisions"}],"predecessor-version":[{"id":129,"href":"https:\/\/cloudspeakers.ch\/de\/wp-json\/wp\/v2\/pages\/108\/revisions\/129"}],"wp:attachment":[{"href":"https:\/\/cloudspeakers.ch\/de\/wp-json\/wp\/v2\/media?parent=108"}],"curies":[{"name":"wp","href":"https:\/\/api.w.org\/{rel}","templated":true}]}}